{"id":233,"date":"2024-02-08T23:19:13","date_gmt":"2024-02-08T23:19:13","guid":{"rendered":"http:\/\/iccc2024.de\/impressum\/"},"modified":"2024-02-08T23:19:13","modified_gmt":"2024-02-08T23:19:13","slug":"impressum","status":"publish","type":"page","link":"https:\/\/nervous-tereshkova.82-165-179-218.plesk.page\/?page_id=233","title":{"rendered":"Impressum"},"content":{"rendered":"\t\t<div data-elementor-type=\"wp-page\" data-elementor-id=\"233\" class=\"elementor elementor-233\">\n\t\t\t\t\t\t<section class=\"elementor-section elementor-top-section elementor-element elementor-element-2e2ed24c elementor-section-boxed elementor-section-height-default elementor-section-height-default wpr-particle-no wpr-jarallax-no wpr-parallax-no wpr-sticky-section-no\" data-id=\"2e2ed24c\" data-element_type=\"section\">\n\t\t\t\t\t\t<div class=\"elementor-container elementor-column-gap-default\">\n\t\t\t\t\t<div class=\"elementor-column elementor-col-100 elementor-top-column elementor-element elementor-element-475d8127\" data-id=\"475d8127\" data-element_type=\"column\">\n\t\t\t<div class=\"elementor-widget-wrap elementor-element-populated\">\n\t\t\t\t\t\t<section class=\"elementor-section elementor-inner-section elementor-element elementor-element-4d62422d elementor-section-boxed elementor-section-height-default elementor-section-height-default wpr-particle-no wpr-jarallax-no wpr-parallax-no wpr-sticky-section-no\" data-id=\"4d62422d\" data-element_type=\"section\">\n\t\t\t\t\t\t<div class=\"elementor-container elementor-column-gap-default\">\n\t\t\t\t\t<div class=\"elementor-column elementor-col-100 elementor-inner-column elementor-element elementor-element-535171e5\" data-id=\"535171e5\" data-element_type=\"column\">\n\t\t\t<div class=\"elementor-widget-wrap elementor-element-populated\">\n\t\t\t\t\t\t<div class=\"elementor-element elementor-element-3fd4641d elementor-widget elementor-widget-text-editor\" data-id=\"3fd4641d\" data-element_type=\"widget\" data-widget_type=\"text-editor.default\">\n\t\t\t\t<div class=\"elementor-widget-container\">\n\t\t\t\t\t\t\t<section class=\"elementor-section elementor-top-section elementor-element elementor-element-af214eb elementor-section-boxed elementor-section-height-default elementor-section-height-default wpr-particle-no wpr-jarallax-no wpr-parallax-no wpr-sticky-section-no\" data-id=\"af214eb\" data-element_type=\"section\"><div class=\"elementor-container elementor-column-gap-default\"><div class=\"elementor-column elementor-col-100 elementor-top-column elementor-element elementor-element-8bb9898\" data-id=\"8bb9898\" data-element_type=\"column\"><div class=\"elementor-widget-wrap elementor-element-populated\"><div class=\"elementor-element elementor-element-8f38cba elementor-widget elementor-widget-heading\" data-id=\"8f38cba\" data-element_type=\"widget\" data-widget_type=\"heading.default\"><div class=\"elementor-widget-container\"><h2 class=\"elementor-heading-title elementor-size-default\">Impressum<\/h2><\/div><\/div><section class=\"elementor-section elementor-inner-section elementor-element elementor-element-36dfa47 elementor-section-boxed elementor-section-height-default elementor-section-height-default wpr-particle-no wpr-jarallax-no wpr-parallax-no wpr-sticky-section-no\" data-id=\"36dfa47\" data-element_type=\"section\"><div class=\"elementor-container elementor-column-gap-default\"><div class=\"elementor-column elementor-col-100 elementor-inner-column elementor-element elementor-element-3adcb76\" data-id=\"3adcb76\" data-element_type=\"column\"><div class=\"elementor-widget-wrap elementor-element-populated\"><div class=\"elementor-element elementor-element-06e5043 elementor-widget elementor-widget-text-editor\" data-id=\"06e5043\" data-element_type=\"widget\" data-widget_type=\"text-editor.default\"><div class=\"elementor-widget-container\"><h3><strong>Der iCampus und die iCampus Cottbus Conference ist ein Gemeinschaftsprojekt der folgenden Partner:<\/strong><\/h3><p><strong>Brandenburgische Technische Universit\u00e4t Cottbus \u2013 Senftenberg<\/strong><br \/>Platz der Deutschen Einheit 1<br \/>03046 Cottbus<\/p><p class=\"font_7\"><a href=\"https:\/\/www.b-tu.de\/impressum\/\">Link zum Impressum der BTU<\/a><\/p><hr \/><p><strong>Fraunhofer-Institut f\u00fcr Zuverl\u00e4ssigkeit und Mikrointegration IZM<\/strong><br \/>Gustav-Meyer-Allee 25<br \/>D-13355 Berlin<\/p><p>und<\/p><p><strong>Fraunhofer-Institut f\u00fcr Photonische Mikrosysteme IPMS<\/strong><br \/>Maria-Reiche-Stra\u00dfe 2<br \/>D-01109 Dresden<\/p><p>sind rechtlich nicht selbstst\u00e4ndige Einrichtungen der<\/p><p><strong>Fraunhofer-Gesellschaft\u00a0<\/strong><br \/><strong>zur F\u00f6rderung der angewandten Forschung e.V.<\/strong><br \/>Hansastra\u00dfe 27 c<br \/>80686 M\u00fcnchen<\/p><p><a href=\"https:\/\/www.fraunhofer.de\/de\/impressum.html\">Link zum Impressum der Fraunhofer-Gesellschaft<\/a><\/p><hr \/><p><strong>Ferdinand-Braun-Institut, Leibniz-Institut f\u00fcr H\u00f6chstfrequenztechnik<\/strong><br \/>Gustav-Kirchhoff-Str. 4<br \/>12489 Berlin\u00a0<\/p><p><a href=\"https:\/\/www.fbh-berlin.de\/impressum\">Link zum Impressum des FBH <\/a><\/p><hr \/><p><strong>Ferdinand-Braun-Institut, Leibniz-Institut f\u00fcr H\u00f6chstfrequenztechnik<\/strong><br \/>Gustav-Kirchhoff-Str. 4<br \/>12489 Berlin\u00a0<\/p><p><a href=\"https:\/\/www.fbh-berlin.de\/impressum\">Link zum Impressum des FBH <\/a><\/p><hr \/><p class=\"bodytext\"><strong>IHP GmbH \u2013<\/strong><br \/><strong>Innovations for High Performance Microelectronics\/<\/strong><br \/><strong>Leibniz-Institut f\u00fcr innovative Mikroelektronik<\/strong><br \/>Im Technologiepark 25<br \/>15236 Frankfurt (Oder)<\/p><p class=\"bodytext\"><a href=\"https:\/\/www.ihp-microelectronics.com\/de\/impressum.html\">Link zum Impressum des IHP<\/a><\/p><\/div><\/div><\/div><\/div><\/div><\/section><\/div><\/div><\/div><\/section><section class=\"elementor-section elementor-top-section elementor-element elementor-element-0c51ddf elementor-section-boxed elementor-section-height-default elementor-section-height-default wpr-particle-no wpr-jarallax-no wpr-parallax-no wpr-sticky-section-no\" data-id=\"0c51ddf\" data-element_type=\"section\"><div class=\"elementor-container elementor-column-gap-default\"><div class=\"elementor-column elementor-col-100 elementor-top-column elementor-element elementor-element-deeefa7\" data-id=\"deeefa7\" data-element_type=\"column\"><div class=\"elementor-widget-wrap elementor-element-populated\"><section class=\"elementor-section elementor-inner-section elementor-element elementor-element-184500b elementor-section-boxed elementor-section-height-default elementor-section-height-default wpr-particle-no wpr-jarallax-no wpr-parallax-no wpr-sticky-section-no\" data-id=\"184500b\" data-element_type=\"section\"><div class=\"elementor-container elementor-column-gap-default\"><div class=\"elementor-column elementor-col-100 elementor-inner-column elementor-element elementor-element-73fd71c\" data-id=\"73fd71c\" data-element_type=\"column\"><div class=\"elementor-widget-wrap elementor-element-populated\"><div class=\"elementor-element elementor-element-05df336 elementor-widget elementor-widget-text-editor\" data-id=\"05df336\" data-element_type=\"widget\" data-widget_type=\"text-editor.default\"><div class=\"elementor-widget-container\"><section class=\"elementor-section elementor-top-section elementor-element elementor-element-12f65f7 elementor-section-boxed elementor-section-height-default elementor-section-height-default active\" data-id=\"12f65f7\" data-element_type=\"section\"><div class=\"elementor-container elementor-column-gap-default\"><div class=\"elementor-row\"><div class=\"elementor-column elementor-col-100 elementor-top-column elementor-element elementor-element-bbf7bac\" data-id=\"bbf7bac\" data-element_type=\"column\"><div class=\"elementor-column-wrap elementor-element-populated\"><div class=\"elementor-widget-wrap\"><div class=\"elementor-element elementor-element-a2766c1 elementor-widget elementor-widget-text-editor\" data-id=\"a2766c1\" data-element_type=\"widget\" data-widget_type=\"text-editor.default\"><div class=\"elementor-widget-container\"><div class=\"elementor-text-editor elementor-clearfix\"><h2>Haftungsausschluss<\/h2><p><strong>Haftung f\u00fcr Inhalte<\/strong><br \/>Die Inhalte unserer Seiten wurden mit gr\u00f6\u00dfter Sorgfalt erstellt. F\u00fcr die Richtigkeit, Vollst\u00e4ndigkeit und Aktualit\u00e4t der Inhalte k\u00f6nnen wir jedoch keine Gew\u00e4hr \u00fcbernehmen. Als Diensteanbieter sind wir gem\u00e4\u00df \u00a7 7 Abs.1 TMG f\u00fcr eigene Inhalte auf diesen Seiten nach den allgemeinen Gesetzen verantwortlich. Nach \u00a7\u00a7 8 bis 10 TMG sind wir als Diensteanbieter jedoch nicht verpflichtet, \u00fcbermittelte oder gespeicherte fremde Informationen zu \u00fcberwachen oder nach Umst\u00e4nden zu forschen, die auf eine rechtswidrige T\u00e4tigkeit hinweisen. Verpflichtungen zur Entfernung oder Sperrung der Nutzung von Informationen nach den allgemeinen Gesetzen bleiben hiervon unber\u00fchrt. Eine diesbez\u00fcgliche Haftung ist jedoch erst ab dem Zeitpunkt der Kenntnis einer konkreten Rechtsverletzung m\u00f6glich. Bei Bekanntwerden von entsprechenden Rechtsverletzungen werden wir diese Inhalte umgehend entfernen.<\/p><p><strong>Haftung f\u00fcr Links<\/strong><br \/>Unser Angebot enth\u00e4lt Links zu externen Webseiten Dritter, auf deren Inhalte wir keinen Einfluss haben. Deshalb k\u00f6nnen wir f\u00fcr diese fremden Inhalte auch keine Gew\u00e4hr \u00fcbernehmen. F\u00fcr die Inhalte der verlinkten Seiten ist stets der jeweilige Anbieter oder Betreiber der Seiten verantwortlich. Die verlinkten Seiten wurden zum Zeitpunkt der Verlinkung auf m\u00f6gliche Rechtsverst\u00f6\u00dfe \u00fcberpr\u00fcft. Rechtswidrige Inhalte waren zum Zeitpunkt der Verlinkung nicht erkennbar. Eine permanente inhaltliche Kontrolle der verlinkten Seiten ist jedoch ohne konkrete Anhaltspunkte einer Rechtsverletzung nicht zumutbar. Bei Bekanntwerden von Rechtsverletzungen werden wir derartige Links umgehend entfernen.<\/p><p><strong>Urheberrecht<\/strong><br \/>Die durch die Seitenbetreiber erstellten Inhalte und Werke auf diesen Seiten unterliegen dem deutschen Urheberrecht. Die Vervielf\u00e4ltigung, Bearbeitung, Verbreitung und jede Art der Verwertung au\u00dferhalb der Grenzen des Urheberrechtes bed\u00fcrfen der schriftlichen Zustimmung des jeweiligen Autors bzw. Erstellers. Downloads und Kopien dieser Seite sind nur f\u00fcr den privaten, nicht kommerziellen Gebrauch gestattet. Soweit die Inhalte auf dieser Seite nicht vom Betreiber erstellt wurden, werden die Urheberrechte Dritter beachtet. Insbesondere werden Inhalte Dritter als solche gekennzeichnet. Sollten Sie trotzdem auf eine Urheberrechtsverletzung aufmerksam werden, bitten wir um einen entsprechenden Hinweis. Bei Bekanntwerden von Rechtsverletzungen werden wir derartige Inhalte umgehend entfernen.<\/p><p>Sofern die auf dieser Website verwendeten Bilder nicht gesondert mit einer Quellenangabe versehen sind, liegen die Bildrechte bei der Brandenburgischen Technischen Universit\u00e4t Cottbus-Senftenberg. Das Copyright der verwendeten Icons liegt bei der Freepik Company S.L. \u2013 Icons made by\u00a0<a href=\"http:\/\/www.freepik.com\/\" target=\"_blank\" rel=\"noopener\" data-content=\"http:\/\/www.freepik.com\" data-type=\"external\">Freepik<\/a>\u00a0from\u00a0<a href=\"http:\/\/www.flaticon.com\/\" target=\"_blank\" rel=\"noopener\" data-content=\"http:\/\/www.flaticon.com\" data-type=\"external\">www.flaticon.com<\/a>.<\/p><p><br \/><strong>Datenschutz<\/strong><br \/>Die Nutzung unserer Webseite ist in der Regel ohne Angabe personenbezogener Daten m\u00f6glich. Soweit auf unseren Seiten personenbezogene Daten (beispielsweise Name, Anschrift oder eMail-Adressen) erhoben werden, erfolgt dies, soweit m\u00f6glich, stets auf freiwilliger Basis. Diese Daten werden ohne Ihre ausdr\u00fcckliche Zustimmung nicht an Dritte weitergegeben.<br \/>Wir weisen darauf hin, dass die Daten\u00fcbertragung im Internet (z.B. bei der Kommunikation per E-Mail) Sicherheitsl\u00fccken aufweisen kann. Ein l\u00fcckenloser Schutz der Daten vor dem Zugriff durch Dritte ist nicht m\u00f6glich.<br \/>Der Nutzung von im Rahmen der Impressumspflicht ver\u00f6ffentlichten Kontaktdaten durch Dritte zur \u00dcbersendung von nicht ausdr\u00fccklich angeforderter Werbung und Informationsmaterialien wird hiermit ausdr\u00fccklich widersprochen. Die Betreiber der Seiten behalten sich ausdr\u00fccklich rechtliche Schritte im Falle der unverlangten Zusendung von Werbeinformationen, etwa durch Spam-Mails, vor. Ausf\u00fchrliche Informationen zum Datenschutz erhalten Sie\u00a0<a href=\"https:\/\/www.imi4bb.de\/datenschutz\" target=\"_self\">hier<\/a>.\u00a0<\/p><p>Quelle Haftungsausschluss: <a href=\"https:\/\/www.impressum-generator.de\/\" target=\"_blank\" rel=\"noopener\" data-content=\"https:\/\/www.impressum-generator.de\" data-type=\"external\">Impressum Generator<\/a>\u00a0<a href=\"https:\/\/www.kanzlei-hasselbach.de\/\" target=\"_blank\" rel=\"noopener\" data-content=\"https:\/\/www.kanzlei-hasselbach.de\/\" data-type=\"external\">| Kanzlei Hasselbach, Rechtsanw\u00e4lte f\u00fcr Arbeitsrecht und Familienrecht<\/a><\/p><\/div><\/div><\/div><\/div><\/div><\/div><\/div><\/div><\/section><\/div><\/div><\/div><\/div><\/div><\/section><\/div><\/div><\/div><\/section>\t\t\t\t\t\t<\/div>\n\t\t\t\t<\/div>\n\t\t\t\t\t<\/div>\n\t\t<\/div>\n\t\t\t\t\t<\/div>\n\t\t<\/section>\n\t\t\t\t\t<\/div>\n\t\t<\/div>\n\t\t\t\t\t<\/div>\n\t\t<\/section>\n\t\t<div class=\"elementor-element elementor-element-cdd0b26 e-flex e-con-boxed wpr-particle-no wpr-jarallax-no wpr-parallax-no wpr-sticky-section-no e-con e-parent\" data-id=\"cdd0b26\" data-element_type=\"container\">\n\t\t\t\t\t<div class=\"e-con-inner\">\n\t\t\t\t<div class=\"elementor-element elementor-element-28cb150 elementor-widget elementor-widget-text-editor\" data-id=\"28cb150\" data-element_type=\"widget\" data-widget_type=\"text-editor.default\">\n\t\t\t\t<div class=\"elementor-widget-container\">\n\t\t\t\t\t\t\t<p><strong>Postadresse:<\/strong><\/p><p>Brandenburgische Technische Universit\u00e4t Cottbus-Senftenberg\u2028<br \/>Fakult\u00e4t 1,<br \/>iCampus <br \/>\u2028Konrad-Zuse-Str. 1<br \/>03046 Cottbus<br \/>Kontakt:<\/p><p>Telefon: +49 (0)355 69 4317 <br \/>Email: iCampus(at)b-tu.de<\/p><p><br \/><strong>Konzeption, Gestaltung und technische Implementierung<\/strong><\/p><p>epicona Design &amp; Gestaltung <br \/>Mail: info(at)epicona.one<\/p>\t\t\t\t\t\t<\/div>\n\t\t\t\t<\/div>\n\t\t\t\t\t<\/div>\n\t\t\t\t<\/div>\n\t\t\t\t<\/div>\n\t\t","protected":false},"excerpt":{"rendered":"<p>Impressum Der iCampus und die iCampus Cottbus Conference ist ein Gemeinschaftsprojekt der folgenden Partner: Brandenburgische Technische Universit\u00e4t Cottbus \u2013 SenftenbergPlatz der Deutschen Einheit 103046 Cottbus Link zum Impressum der BTU Fraunhofer-Institut f\u00fcr Zuverl\u00e4ssigkeit und Mikrointegration IZMGustav-Meyer-Allee 25D-13355 Berlin und Fraunhofer-Institut f\u00fcr Photonische Mikrosysteme IPMSMaria-Reiche-Stra\u00dfe 2D-01109 Dresden sind rechtlich nicht selbstst\u00e4ndige Einrichtungen der Fraunhofer-Gesellschaft\u00a0zur F\u00f6rderung der angewandten Forschung e.V.Hansastra\u00dfe 27 c80686 M\u00fcnchen Link zum Impressum der Fraunhofer-Gesellschaft Ferdinand-Braun-Institut, Leibniz-Institut f\u00fcr H\u00f6chstfrequenztechnikGustav-Kirchhoff-Str. 412489 Berlin\u00a0 Link zum Impressum des FBH Ferdinand-Braun-Institut, Leibniz-Institut f\u00fcr H\u00f6chstfrequenztechnikGustav-Kirchhoff-Str. 412489 Berlin\u00a0 Link zum Impressum des FBH IHP GmbH \u2013Innovations for High Performance Microelectronics\/Leibniz-Institut f\u00fcr innovative MikroelektronikIm Technologiepark 2515236 Frankfurt (Oder) Link zum Impressum des IHP Haftungsausschluss Haftung f\u00fcr InhalteDie Inhalte unserer Seiten wurden mit gr\u00f6\u00dfter Sorgfalt erstellt. F\u00fcr die Richtigkeit, Vollst\u00e4ndigkeit und Aktualit\u00e4t der Inhalte k\u00f6nnen wir jedoch keine Gew\u00e4hr \u00fcbernehmen. Als Diensteanbieter sind wir gem\u00e4\u00df \u00a7 7 Abs.1 TMG f\u00fcr eigene Inhalte auf diesen Seiten nach den allgemeinen Gesetzen verantwortlich. Nach \u00a7\u00a7 8 bis 10 TMG sind wir als Diensteanbieter jedoch nicht verpflichtet, \u00fcbermittelte oder gespeicherte fremde Informationen zu \u00fcberwachen oder nach Umst\u00e4nden zu forschen, die auf eine rechtswidrige T\u00e4tigkeit hinweisen. Verpflichtungen zur Entfernung oder Sperrung der Nutzung von Informationen nach den allgemeinen Gesetzen bleiben hiervon unber\u00fchrt. Eine diesbez\u00fcgliche Haftung ist jedoch erst ab dem Zeitpunkt der Kenntnis einer konkreten Rechtsverletzung m\u00f6glich. Bei Bekanntwerden von entsprechenden Rechtsverletzungen werden wir diese Inhalte umgehend entfernen. Haftung f\u00fcr LinksUnser Angebot enth\u00e4lt Links zu externen Webseiten Dritter, auf deren Inhalte wir keinen Einfluss haben. Deshalb k\u00f6nnen wir f\u00fcr diese fremden Inhalte auch keine Gew\u00e4hr \u00fcbernehmen. F\u00fcr die Inhalte der verlinkten Seiten ist stets der jeweilige Anbieter oder Betreiber der Seiten verantwortlich. Die verlinkten Seiten wurden zum Zeitpunkt der Verlinkung auf m\u00f6gliche Rechtsverst\u00f6\u00dfe \u00fcberpr\u00fcft. Rechtswidrige Inhalte waren zum Zeitpunkt der Verlinkung nicht erkennbar. Eine permanente inhaltliche Kontrolle der verlinkten Seiten ist jedoch ohne konkrete Anhaltspunkte einer Rechtsverletzung nicht zumutbar. Bei Bekanntwerden von Rechtsverletzungen werden wir derartige Links umgehend entfernen. UrheberrechtDie durch die Seitenbetreiber erstellten Inhalte und Werke auf diesen Seiten unterliegen dem deutschen Urheberrecht. Die Vervielf\u00e4ltigung, Bearbeitung, Verbreitung und jede Art der Verwertung au\u00dferhalb der Grenzen des Urheberrechtes bed\u00fcrfen der schriftlichen Zustimmung des jeweiligen Autors bzw. Erstellers. Downloads und Kopien dieser Seite sind nur f\u00fcr den privaten, nicht kommerziellen Gebrauch gestattet. Soweit die Inhalte auf dieser Seite nicht vom Betreiber erstellt wurden, werden die Urheberrechte Dritter beachtet. Insbesondere werden Inhalte Dritter als solche gekennzeichnet. Sollten Sie trotzdem auf eine Urheberrechtsverletzung aufmerksam werden, bitten wir um einen entsprechenden Hinweis. Bei Bekanntwerden von Rechtsverletzungen werden wir derartige Inhalte umgehend entfernen. Sofern die auf dieser Website verwendeten Bilder nicht gesondert mit einer Quellenangabe versehen sind, liegen die Bildrechte bei der Brandenburgischen Technischen Universit\u00e4t Cottbus-Senftenberg. Das Copyright der verwendeten Icons liegt bei der Freepik Company S.L. \u2013 Icons made by\u00a0Freepik\u00a0from\u00a0www.flaticon.com. DatenschutzDie Nutzung unserer Webseite ist in der Regel ohne Angabe personenbezogener Daten m\u00f6glich. Soweit auf unseren Seiten personenbezogene Daten (beispielsweise Name, Anschrift oder eMail-Adressen) erhoben werden, erfolgt dies, soweit m\u00f6glich, stets auf freiwilliger Basis. Diese Daten werden ohne Ihre ausdr\u00fcckliche Zustimmung nicht an Dritte weitergegeben.Wir weisen darauf hin, dass die Daten\u00fcbertragung im Internet (z.B. bei der Kommunikation per E-Mail) Sicherheitsl\u00fccken aufweisen kann. Ein l\u00fcckenloser Schutz der Daten vor dem Zugriff durch Dritte ist nicht m\u00f6glich.Der Nutzung von im Rahmen der Impressumspflicht ver\u00f6ffentlichten Kontaktdaten durch Dritte zur \u00dcbersendung von nicht ausdr\u00fccklich angeforderter Werbung und Informationsmaterialien wird hiermit ausdr\u00fccklich widersprochen. Die Betreiber der Seiten behalten sich ausdr\u00fccklich rechtliche Schritte im Falle der unverlangten Zusendung von Werbeinformationen, etwa durch Spam-Mails, vor. Ausf\u00fchrliche Informationen zum Datenschutz erhalten Sie\u00a0hier.\u00a0 Quelle Haftungsausschluss: Impressum Generator\u00a0| Kanzlei Hasselbach, Rechtsanw\u00e4lte f\u00fcr Arbeitsrecht und Familienrecht Postadresse: Brandenburgische Technische Universit\u00e4t Cottbus-Senftenberg\u2028Fakult\u00e4t 1,iCampus \u2028Konrad-Zuse-Str. 103046 CottbusKontakt: Telefon: +49 (0)355 69 4317 Email: iCampus(at)b-tu.de Konzeption, Gestaltung und technische Implementierung epicona Design &amp; Gestaltung Mail: info(at)epicona.one<\/p>\n","protected":false},"author":2,"featured_media":0,"parent":0,"menu_order":0,"comment_status":"closed","ping_status":"closed","template":"","meta":{"footnotes":""},"class_list":["post-233","page","type-page","status-publish","hentry"],"_links":{"self":[{"href":"https:\/\/nervous-tereshkova.82-165-179-218.plesk.page\/index.php?rest_route=\/wp\/v2\/pages\/233","targetHints":{"allow":["GET"]}}],"collection":[{"href":"https:\/\/nervous-tereshkova.82-165-179-218.plesk.page\/index.php?rest_route=\/wp\/v2\/pages"}],"about":[{"href":"https:\/\/nervous-tereshkova.82-165-179-218.plesk.page\/index.php?rest_route=\/wp\/v2\/types\/page"}],"author":[{"embeddable":true,"href":"https:\/\/nervous-tereshkova.82-165-179-218.plesk.page\/index.php?rest_route=\/wp\/v2\/users\/2"}],"replies":[{"embeddable":true,"href":"https:\/\/nervous-tereshkova.82-165-179-218.plesk.page\/index.php?rest_route=%2Fwp%2Fv2%2Fcomments&post=233"}],"version-history":[{"count":0,"href":"https:\/\/nervous-tereshkova.82-165-179-218.plesk.page\/index.php?rest_route=\/wp\/v2\/pages\/233\/revisions"}],"wp:attachment":[{"href":"https:\/\/nervous-tereshkova.82-165-179-218.plesk.page\/index.php?rest_route=%2Fwp%2Fv2%2Fmedia&parent=233"}],"curies":[{"name":"wp","href":"https:\/\/api.w.org\/{rel}","templated":true}]}}